{"id":81,"date":"2023-10-12T05:34:15","date_gmt":"2023-10-12T05:34:15","guid":{"rendered":"http:\/\/kidearn-demo-new.local\/?page_id=81"},"modified":"2025-11-10T13:21:50","modified_gmt":"2025-11-10T10:21:50","slug":"iletisim","status":"publish","type":"page","link":"https:\/\/happyplace.tr\/index.php\/iletisim\/","title":{"rendered":"Iletisim"},"content":{"rendered":"\t\t<div data-elementor-type=\"wp-page\" data-elementor-id=\"81\" class=\"elementor elementor-81\">\n\t\t\t\t\t\t<section class=\"elementor-section elementor-top-section elementor-element elementor-element-88b88ee elementor-section-full_width elementor-section-height-default elementor-section-height-default\" data-id=\"88b88ee\" data-element_type=\"section\">\n\t\t\t\t\t\t<div class=\"elementor-container elementor-column-gap-no\">\n\t\t\t\t\t<div class=\"elementor-column elementor-col-100 elementor-top-column elementor-element elementor-element-99e7910\" data-id=\"99e7910\" data-element_type=\"column\">\n\t\t\t<div class=\"elementor-widget-wrap elementor-element-populated\">\n\t\t\t\t\t\t<div class=\"elementor-element elementor-element-1a45783 elementor-widget elementor-widget-kidearn-contact-info\" data-id=\"1a45783\" data-element_type=\"widget\" data-widget_type=\"kidearn-contact-info.default\">\n\t\t\t\t<div class=\"elementor-widget-container\">\n\t\t\t\t\t\r\n    <!--Contact Info Start-->\r\n    <section class=\"contact-info-one\">\r\n        <div class=\"container\">\r\n            <div class=\"contact-info-one__inner\">\r\n                <div class=\"row\">\r\n                                            <div class=\"col-md-12 col-lg-4\">\r\n                            <div class=\"contact-info-one__item\" style=\"--accent-color: #F25334;\">\r\n                                <i aria-hidden=\"true\" class=\"contact-info-one__icon  icon-telephone\"><\/i>                                <p class=\"contact-info-one__text\">Bizi Aray\u0131n<\/p>\r\n                                <h3 class=\"contact-info-one__title\">\r\n                                    0530 922 05 07                                <\/h3><!-- \/.contact-info-one__title -->\r\n                            <\/div><!-- \/.contact-info-one__item -->\r\n                        <\/div><!-- \/.col-md-12 -->\r\n                                            <div class=\"col-md-12 col-lg-4\">\r\n                            <div class=\"contact-info-one__item\" style=\"--accent-color: #2390FF;\">\r\n                                <i aria-hidden=\"true\" class=\"contact-info-one__icon  icon-email1\"><\/i>                                <p class=\"contact-info-one__text\">Send Email<\/p>\r\n                                <h3 class=\"contact-info-one__title\">\r\n                                    <a href=\"info@happyplace.tr\">info@happyplace.tr<\/a>                                <\/h3><!-- \/.contact-info-one__title -->\r\n                            <\/div><!-- \/.contact-info-one__item -->\r\n                        <\/div><!-- \/.col-md-12 -->\r\n                                            <div class=\"col-md-12 col-lg-4\">\r\n                            <div class=\"contact-info-one__item\" style=\"--accent-color: #75C137;\">\r\n                                <i aria-hidden=\"true\" class=\"contact-info-one__icon  icon-location1\"><\/i>                                <p class=\"contact-info-one__text\">Visit Anytime<\/p>\r\n                                <h3 class=\"contact-info-one__title\">\r\n                                    <a href=\"#\">Alikahya Cumhuriyet Mah. No:24, \u0130zmit<\/a>                                <\/h3><!-- \/.contact-info-one__title -->\r\n                            <\/div><!-- \/.contact-info-one__item -->\r\n                        <\/div><!-- \/.col-md-12 -->\r\n                                    <\/div><!-- \/.row -->\r\n            <\/div><!-- \/.contact-info-one__inner -->\r\n        <\/div><!-- \/.container -->\r\n    <\/section><!-- \/.contact-info-one -->\r\n    <!--Contact Info End-->\r\n\r\n\t\t\t\t<\/div>\n\t\t\t\t<\/div>\n\t\t\t\t\t<\/div>\n\t\t<\/div>\n\t\t\t\t\t<\/div>\n\t\t<\/section>\n\t\t\t\t<section class=\"elementor-section elementor-top-section elementor-element elementor-element-9246643 elementor-section-full_width elementor-section-height-default elementor-section-height-default\" data-id=\"9246643\" data-element_type=\"section\">\n\t\t\t\t\t\t<div class=\"elementor-container elementor-column-gap-no\">\n\t\t\t\t\t<div class=\"elementor-column elementor-col-100 elementor-top-column elementor-element elementor-element-6a56a18\" data-id=\"6a56a18\" data-element_type=\"column\">\n\t\t\t<div class=\"elementor-widget-wrap elementor-element-populated\">\n\t\t\t\t\t\t<div class=\"elementor-element elementor-element-06f6e8e elementor-widget elementor-widget-kidearn-google-maps\" data-id=\"06f6e8e\" data-element_type=\"widget\" data-widget_type=\"kidearn-google-maps.default\">\n\t\t\t\t<div class=\"elementor-widget-container\">\n\t\t\t\t\t\t\t<!--Google Map Two Start-->\r\n\t<section class=\"contact-map\">\r\n\t\t<div class=\"container-fluid\">\r\n\t\t\t<div class=\"google-map google-map__contact\">\r\n\t\t\t\t<iframe src=\"https:\/\/maps.google.com\/maps?q=Alikahya%20Cumhuriyet%20Mah.%20Albay%20Karaosmano%C4%9Flu%20Cad.%20Y%C4%B1ld%C4%B1z%20konutlar%C4%B1%207%20No%3A24%2C%20%C4%B0zmit%2041310&#038;t=m&#038;z=10&#038;output=embed&#038;iwloc=near\" title=\"Alikahya Cumhuriyet Mah. Albay Karaosmano\u011flu Cad. Y\u0131ld\u0131z konutlar\u0131 7 No:24, \u0130zmit 41310\" class=\"google-map__one\" aria-label=\"Alikahya Cumhuriyet Mah. Albay Karaosmano\u011flu Cad. Y\u0131ld\u0131z konutlar\u0131 7 No:24, \u0130zmit 41310\" allowfullscreen><\/iframe>\r\n\t\t\t<\/div>\r\n\t\t\t<!-- \/.google-map -->\r\n\t\t<\/div><!-- \/.container-fluid -->\r\n\t<\/section><!-- \/.contact-map -->\r\n\t<!--Google Map Two End-->\r\n\r\n\t\t\t\t<\/div>\n\t\t\t\t<\/div>\n\t\t\t\t\t<\/div>\n\t\t<\/div>\n\t\t\t\t\t<\/div>\n\t\t<\/section>\n\t\t\t\t<footer class=\"elementor-section elementor-top-section elementor-element elementor-element-4c34a947 elementor-section-full_width main-footer elementor-section-height-default elementor-section-height-default\" data-id=\"4c34a947\" data-element_type=\"section\" data-settings=\"{&quot;background_background&quot;:&quot;classic&quot;}\">\n\t\t\t\t\t\t<div class=\"elementor-container elementor-column-gap-no\">\n\t\t\t\t\t<div class=\"elementor-column elementor-col-100 elementor-top-column elementor-element elementor-element-5b36be15 main-footer__bg\" data-id=\"5b36be15\" data-element_type=\"column\">\n\t\t\t<div class=\"elementor-widget-wrap elementor-element-populated\">\n\t\t\t\t\t\t<div class=\"elementor-element elementor-element-7d735dff elementor-widget elementor-widget-kidearn-shape\" data-id=\"7d735dff\" data-element_type=\"widget\" data-widget_type=\"kidearn-shape.default\">\n\t\t\t\t<div class=\"elementor-widget-container\">\n\t\t\t\t\t    <img decoding=\"async\" src=\"https:\/\/happyplace.tr\/wp-content\/uploads\/2023\/10\/footer-s-1-1.png\" alt=\"footer-s-1-1\" title=\"footer-s-1-1\" class=\"main-footer__shape-1\" >        <img decoding=\"async\" src=\"https:\/\/happyplace.tr\/wp-content\/uploads\/2023\/10\/footer-s-1-3.png\" alt=\"footer-s-1-3\" title=\"footer-s-1-3\" class=\"main-footer__shape-3\" >    \t\t\t\t<\/div>\n\t\t\t\t<\/div>\n\t\t\t\t<div class=\"elementor-element elementor-element-8c50508 elementor-widget elementor-widget-text-editor\" data-id=\"8c50508\" data-element_type=\"widget\" data-widget_type=\"text-editor.default\">\n\t\t\t\t\t\t\t\t\t<div class=\"main-footer-two__bg\">\u00a0<\/div>\t\t\t\t\t\t\t\t<\/div>\n\t\t\t\t<section class=\"elementor-section elementor-inner-section elementor-element elementor-element-2a0eab0a  main-footer__top elementor-section-boxed elementor-section-height-default elementor-section-height-default\" data-id=\"2a0eab0a\" data-element_type=\"section\">\n\t\t\t\t\t\t<div class=\"elementor-container elementor-column-gap-no\">\n\t\t\t\t\t<div class=\"elementor-column elementor-col-25 elementor-inner-column elementor-element elementor-element-5ed83e79\" data-id=\"5ed83e79\" data-element_type=\"column\">\n\t\t\t<div class=\"elementor-widget-wrap elementor-element-populated\">\n\t\t\t\t\t\t<div class=\"elementor-element elementor-element-68d072e2 elementor-widget elementor-widget-footer-about\" data-id=\"68d072e2\" data-element_type=\"widget\" data-widget_type=\"footer-about.default\">\n\t\t\t\t<div class=\"elementor-widget-container\">\n\t\t\t\t\t\r\n    <div class=\"footer-widget footer-widget--about\">\r\n        <a href=\"https:\/\/happyplace.tr\/\" class=\"footer-widget__logo\">\r\n            <img decoding=\"async\" src=\"https:\/\/bracketweb.com\/kidearnwp\/wp-content\/uploads\/2023\/10\/logo-light.png\" width=\"160\" height=\"56\" alt=\"Happy Place\">\r\n        <\/a>\r\n                    <ul class=\"list-unstyled footer-widget__info ml-0\">\r\n                                    <li>\r\n                        <i aria-hidden=\"true\" class=\"footer-widget__info__icon icon-location2\"><\/i>                        <a href=\"#\">6391 Elgin St. Celina, Delaware 10299<\/a>                    <\/li>\r\n                                    <li>\r\n                        <i aria-hidden=\"true\" class=\"footer-widget__info__icon  icon-call\"><\/i>                        <a href=\"tel:3035550105\">(303) 555-0105<\/a>                    <\/li>\r\n                                    <li>\r\n                        <i aria-hidden=\"true\" class=\"footer-widget__info__icon  icon-email1\"><\/i>                        <a href=\"mailto:kidearn@envato.com\">kidearn@envato.com<\/a>                    <\/li>\r\n                            <\/ul><!-- \/.list-unstyled -->\r\n                            <div class=\"footer-widget__social\">\r\n                                    <a   href=\"https:\/\/www.twitter.com\">\r\n                        <i aria-hidden=\"true\" class=\"fab fa-twitter\"><\/i>                    <\/a>\r\n                                    <a   href=\"https:\/\/www.facebook.com\">\r\n                        <i aria-hidden=\"true\" class=\"fab fa-facebook-f\"><\/i>                    <\/a>\r\n                                    <a   href=\"https:\/\/www.pinterest.com\">\r\n                        <i aria-hidden=\"true\" class=\"fab fa-pinterest-p\"><\/i>                    <\/a>\r\n                                    <a   href=\"https:\/\/www.instagram.com\">\r\n                        <i aria-hidden=\"true\" class=\"fab fa-instagram\"><\/i>                    <\/a>\r\n                            <\/div><!-- \/.footer-widget__social -->\r\n            <\/div><!-- \/.footer-widget -->\r\n\r\n\t\t\t\t<\/div>\n\t\t\t\t<\/div>\n\t\t\t\t\t<\/div>\n\t\t<\/div>\n\t\t\t\t<div class=\"elementor-column elementor-col-25 elementor-inner-column elementor-element elementor-element-3f5a3974\" data-id=\"3f5a3974\" data-element_type=\"column\">\n\t\t\t<div class=\"elementor-widget-wrap elementor-element-populated\">\n\t\t\t\t\t\t<div class=\"elementor-element elementor-element-681d075d elementor-widget elementor-widget-footer-nav-menu\" data-id=\"681d075d\" data-element_type=\"widget\" data-widget_type=\"footer-nav-menu.default\">\n\t\t\t\t<div class=\"elementor-widget-container\">\n\t\t\t\t\t    <div class=\"footer-widget footer-widget--links\">\r\n        <h2 class=\"footer-widget__title\">Links<\/h2><!-- \/.footer-widget__title -->\r\n                    <div class=\"menu-links-container\"><ul id=\"menu-links\" class=\"list-unstyled footer-widget__links ml-0\"><li id=\"menu-item-148\" class=\"menu-item menu-item-type-custom menu-item-object-custom menu-item-148\"><a href=\"https:\/\/bracketweb.com\/kidearnwp\/about\/\">Admissions<\/a><\/li>\n<li id=\"menu-item-152\" class=\"menu-item menu-item-type-post_type menu-item-object-page menu-item-152\"><a href=\"https:\/\/happyplace.tr\/index.php\/iletisim\/\">Appointment<\/a><\/li>\n<\/ul><\/div>            <\/div><!-- \/.footer-widget -->\r\n\t\t\t\t<\/div>\n\t\t\t\t<\/div>\n\t\t\t\t\t<\/div>\n\t\t<\/div>\n\t\t\t\t<div class=\"elementor-column elementor-col-25 elementor-inner-column elementor-element elementor-element-41ba42e2\" data-id=\"41ba42e2\" data-element_type=\"column\">\n\t\t\t<div class=\"elementor-widget-wrap elementor-element-populated\">\n\t\t\t\t\t\t<div class=\"elementor-element elementor-element-31034017 elementor-widget elementor-widget-footer-nav-menu\" data-id=\"31034017\" data-element_type=\"widget\" data-widget_type=\"footer-nav-menu.default\">\n\t\t\t\t<div class=\"elementor-widget-container\">\n\t\t\t\t\t    <div class=\"footer-widget footer-widget--links-two\">\r\n        <h2 class=\"footer-widget__title\">Explore<\/h2><!-- \/.footer-widget__title -->\r\n                    <div class=\"menu-links-container\"><ul id=\"menu-links-1\" class=\"list-unstyled footer-widget__links ml-0\"><li class=\"menu-item menu-item-type-custom menu-item-object-custom menu-item-148\"><a href=\"https:\/\/bracketweb.com\/kidearnwp\/about\/\">Admissions<\/a><\/li>\n<li class=\"menu-item menu-item-type-post_type menu-item-object-page menu-item-152\"><a href=\"https:\/\/happyplace.tr\/index.php\/iletisim\/\">Appointment<\/a><\/li>\n<\/ul><\/div>            <\/div><!-- \/.footer-widget -->\r\n\t\t\t\t<\/div>\n\t\t\t\t<\/div>\n\t\t\t\t\t<\/div>\n\t\t<\/div>\n\t\t\t\t<div class=\"elementor-column elementor-col-25 elementor-inner-column elementor-element elementor-element-6c6bbba\" data-id=\"6c6bbba\" data-element_type=\"column\">\n\t\t\t<div class=\"elementor-widget-wrap elementor-element-populated\">\n\t\t\t\t\t\t<div class=\"elementor-element elementor-element-63f696c6 elementor-widget elementor-widget-footer-gallery\" data-id=\"63f696c6\" data-element_type=\"widget\" data-widget_type=\"footer-gallery.default\">\n\t\t\t\t<div class=\"elementor-widget-container\">\n\t\t\t\t\t    <div class=\"footer-widget footer-widget--gallery\">\r\n        <h2 class=\"footer-widget__title\">Gallery<\/h2>        <ul class=\"list-unstyled footer-widget__gallery ml-0\">\r\n                            <li>\r\n                    <a class=\"img-popup\" href=\"https:\/\/bracketweb.com\/kidearnwp\/wp-content\/uploads\/2023\/10\/gallery-1-1.jpg\">\r\n                        <img decoding=\"async\" src=\"https:\/\/happyplace.tr\/wp-content\/uploads\/2023\/10\/gallery-1-1.jpg\" alt=\"gallery-1-1\" title=\"gallery-1-1\" >                    <\/a>\r\n                <\/li>\r\n                            <li>\r\n                    <a class=\"img-popup\" href=\"https:\/\/bracketweb.com\/kidearnwp\/wp-content\/uploads\/2023\/10\/gallery-1-2.jpg\">\r\n                        <img decoding=\"async\" src=\"https:\/\/happyplace.tr\/wp-content\/uploads\/2023\/10\/gallery-1-2.jpg\" alt=\"gallery-1-2\" title=\"gallery-1-2\" >                    <\/a>\r\n                <\/li>\r\n                            <li>\r\n                    <a class=\"img-popup\" href=\"https:\/\/bracketweb.com\/kidearnwp\/wp-content\/uploads\/2023\/10\/gallery-1-3.jpg\">\r\n                        <img decoding=\"async\" src=\"https:\/\/happyplace.tr\/wp-content\/uploads\/2023\/10\/gallery-1-3.jpg\" alt=\"gallery-1-3\" title=\"gallery-1-3\" >                    <\/a>\r\n                <\/li>\r\n                            <li>\r\n                    <a class=\"img-popup\" href=\"https:\/\/bracketweb.com\/kidearnwp\/wp-content\/uploads\/2023\/10\/gallery-1-4.jpg\">\r\n                        <img decoding=\"async\" src=\"https:\/\/happyplace.tr\/wp-content\/uploads\/2023\/10\/gallery-1-4.jpg\" alt=\"gallery-1-4\" title=\"gallery-1-4\" >                    <\/a>\r\n                <\/li>\r\n                            <li>\r\n                    <a class=\"img-popup\" href=\"https:\/\/bracketweb.com\/kidearnwp\/wp-content\/uploads\/2023\/10\/gallery-1-5.jpg\">\r\n                        <img decoding=\"async\" src=\"https:\/\/happyplace.tr\/wp-content\/uploads\/2023\/10\/gallery-1-5.jpg\" alt=\"gallery-1-5\" title=\"gallery-1-5\" >                    <\/a>\r\n                <\/li>\r\n                            <li>\r\n                    <a class=\"img-popup\" href=\"https:\/\/bracketweb.com\/kidearnwp\/wp-content\/uploads\/2023\/10\/gallery-1-6.jpg\">\r\n                        <img decoding=\"async\" src=\"https:\/\/happyplace.tr\/wp-content\/uploads\/2023\/10\/gallery-1-6.jpg\" alt=\"gallery-1-6\" title=\"gallery-1-6\" >                    <\/a>\r\n                <\/li>\r\n                    <\/ul><!-- \/.list-unstyled footer-widget__gallery -->\r\n\r\n    <\/div><!-- \/.footer-widget -->\r\n\t\t\t\t<\/div>\n\t\t\t\t<\/div>\n\t\t\t\t\t<\/div>\n\t\t<\/div>\n\t\t\t\t\t<\/div>\n\t\t<\/section>\n\t\t\t\t<div class=\"elementor-element elementor-element-5becf175 elementor-widget elementor-widget-kidearn-shape\" data-id=\"5becf175\" data-element_type=\"widget\" data-widget_type=\"kidearn-shape.default\">\n\t\t\t\t<div class=\"elementor-widget-container\">\n\t\t\t\t\t        <img decoding=\"async\" src=\"https:\/\/happyplace.tr\/wp-content\/uploads\/2023\/10\/footer-s-1-2.png\" alt=\"footer-s-1-2\" title=\"footer-s-1-2\" class=\"main-footer__shape-2\" >        <img decoding=\"async\" src=\"https:\/\/happyplace.tr\/wp-content\/uploads\/2023\/10\/footer-s-1-4.png\" alt=\"footer-s-1-4\" title=\"footer-s-1-4\" class=\"main-footer__shape-4\" >\t\t\t\t<\/div>\n\t\t\t\t<\/div>\n\t\t\t\t<div class=\"elementor-element elementor-element-50b3c58 elementor-widget elementor-widget-footer-copyright\" data-id=\"50b3c58\" data-element_type=\"widget\" data-widget_type=\"footer-copyright.default\">\n\t\t\t\t<div class=\"elementor-widget-container\">\n\t\t\t\t\t    <div class=\"main-footer__bottom\">\r\n        <div class=\"container\">\r\n            <div class=\"main-footer__bottom__inner\">\r\n                <p class=\"main-footer__copyright\">\r\n                    \u00a9 Copyright  by <span class=\"dynamic-year\"><\/span> Kidearn WordPress Theme                <\/p>\r\n            <\/div><!-- \/.main-footer__inner -->\r\n        <\/div><!-- \/.container -->\r\n    <\/div><!-- \/.main-footer__bottom -->\r\n\t\t\t\t<\/div>\n\t\t\t\t<\/div>\n\t\t\t\t\t<\/div>\n\t\t<\/div>\n\t\t\t\t\t<\/div>\n\t\t<\/footer>\n\t\t\t\t<\/div>\n\t\t","protected":false},"excerpt":{"rendered":"<p>Bizi Aray\u0131n 0530 922 05 07 Send Email info@happyplace.tr Visit Anytime Alikahya Cumhuriyet Mah. No:24, \u0130zmit \u00a0 6391 Elgin St. Celina, Delaware 10299 (303) 555-0105 kidearn@envato.com Links Admissions Programs Outdoor Games Online Classes Appointment Explore Admissions Programs Outdoor Games Online Classes Appointment Gallery \u00a9 Copyright by Kidearn WordPress Theme<\/p>\n","protected":false},"author":1,"featured_media":0,"parent":0,"menu_order":0,"comment_status":"closed","ping_status":"closed","template":"elementor_header_footer","meta":{"_monsterinsights_skip_tracking":false,"_monsterinsights_sitenote_active":false,"_monsterinsights_sitenote_note":"","_monsterinsights_sitenote_category":0,"footnotes":""},"class_list":["post-81","page","type-page","status-publish","hentry"],"_links":{"self":[{"href":"https:\/\/happyplace.tr\/index.php\/wp-json\/wp\/v2\/pages\/81","targetHints":{"allow":["GET"]}}],"collection":[{"href":"https:\/\/happyplace.tr\/index.php\/wp-json\/wp\/v2\/pages"}],"about":[{"href":"https:\/\/happyplace.tr\/index.php\/wp-json\/wp\/v2\/types\/page"}],"author":[{"embeddable":true,"href":"https:\/\/happyplace.tr\/index.php\/wp-json\/wp\/v2\/users\/1"}],"replies":[{"embeddable":true,"href":"https:\/\/happyplace.tr\/index.php\/wp-json\/wp\/v2\/comments?post=81"}],"version-history":[{"count":25,"href":"https:\/\/happyplace.tr\/index.php\/wp-json\/wp\/v2\/pages\/81\/revisions"}],"predecessor-version":[{"id":2922,"href":"https:\/\/happyplace.tr\/index.php\/wp-json\/wp\/v2\/pages\/81\/revisions\/2922"}],"wp:attachment":[{"href":"https:\/\/happyplace.tr\/index.php\/wp-json\/wp\/v2\/media?parent=81"}],"curies":[{"name":"wp","href":"https:\/\/api.w.org\/{rel}","templated":true}]}}