{"id":1660,"date":"2023-10-16T05:25:10","date_gmt":"2023-10-16T05:25:10","guid":{"rendered":"http:\/\/kidearn-demo-new.local\/?page_id=1660"},"modified":"2025-11-10T13:40:23","modified_gmt":"2025-11-10T10:40:23","slug":"hizmetlerimiz-2","status":"publish","type":"page","link":"https:\/\/happyplace.tr\/index.php\/hizmetlerimiz-2\/","title":{"rendered":"Hizmetlerimiz"},"content":{"rendered":"\t\t<div data-elementor-type=\"wp-page\" data-elementor-id=\"1660\" class=\"elementor elementor-1660\">\n\t\t\t\t\t\t<section class=\"elementor-section elementor-top-section elementor-element elementor-element-31c6a48 elementor-section-full_width elementor-section-height-default elementor-section-height-default\" data-id=\"31c6a48\" data-element_type=\"section\">\n\t\t\t\t\t\t<div class=\"elementor-container elementor-column-gap-no\">\n\t\t\t\t\t<div class=\"elementor-column elementor-col-100 elementor-top-column elementor-element elementor-element-fbea0ae\" data-id=\"fbea0ae\" data-element_type=\"column\">\n\t\t\t<div class=\"elementor-widget-wrap elementor-element-populated\">\n\t\t\t\t\t\t<div class=\"elementor-element elementor-element-86d6ec9 elementor-widget elementor-widget-kidearn-program\" data-id=\"86d6ec9\" data-element_type=\"widget\" data-widget_type=\"kidearn-program.default\">\n\t\t\t\t<div class=\"elementor-widget-container\">\n\t\t\t\t\t    <!-- programm -start four  -->\r\n    <section class=\"program-page\">\r\n        <div class=\"container\">\r\n            <div class=\"row gutter-y-30\">\r\n                                    <div class=\"col-lg-4 col-md-6\">\r\n                        <div class=\"program-three__item wow fadeInUp\" data-wow-duration='1500ms' data-wow-delay='00ms' style='--accent-color: #F25334'>\r\n                            <div class=\"program-three__item__image\">\r\n                                <img decoding=\"async\" src=\"https:\/\/happyplace.tr\/wp-content\/uploads\/2025\/11\/1-1.jpg\" alt=\"1\" title=\"1\" >                            <\/div><!-- \/.program-one__item__image -->\r\n                            <div class=\"program-three__item__content\">\r\n                                <div class=\"program-three__item__icon\">\r\n                                    <span aria-hidden=\"true\" class=\"   icon-art-studies\"><\/span>                                <\/div><!-- \/.program-three__item__icon -->\r\n                                <h3 class=\"program-three__item__title\">\r\n                                    <a href=\"\">Workshop At\u00f6lyeleri<\/a>\r\n                                <\/h3><!-- \/.program-three__item__title -->\r\n                                <div class=\"program-three__item__age\"><\/div><!-- \/.program-three__item__age -->\r\n                                <p class=\"program-three__item__text\">\r\n                                    Yarat\u0131c\u0131l\u0131\u011f\u0131, \u00f6zg\u00fcveni ve el becerilerini destekleyen \u00f6zel etkinliklerin yap\u0131lmas\u0131d\u0131r.                                <\/p><!-- \/.program-three__item__text -->\r\n                                                            <\/div><!-- \/.program-three__item__content -->\r\n                        <\/div><!-- \/.program-three__item__one -->\r\n                    <\/div><!-- \/.program-item -->\r\n                                    <div class=\"col-lg-4 col-md-6\">\r\n                        <div class=\"program-three__item wow fadeInUp\" data-wow-duration='1500ms' data-wow-delay='00ms' style='--accent-color: #75C137'>\r\n                            <div class=\"program-three__item__image\">\r\n                                <img decoding=\"async\" src=\"https:\/\/happyplace.tr\/wp-content\/uploads\/2025\/11\/2-1.jpg\" alt=\"2\" title=\"2\" >                            <\/div><!-- \/.program-one__item__image -->\r\n                            <div class=\"program-three__item__content\">\r\n                                <div class=\"program-three__item__icon\">\r\n                                    <span aria-hidden=\"true\" class=\"  fas fa-birthday-cake\"><\/span>                                <\/div><!-- \/.program-three__item__icon -->\r\n                                <h3 class=\"program-three__item__title\">\r\n                                    <a href=\"\">\u00d6zel G\u00fcn Kutlamalar\u0131<\/a>\r\n                                <\/h3><!-- \/.program-three__item__title -->\r\n                                <div class=\"program-three__item__age\"><\/div><!-- \/.program-three__item__age -->\r\n                                <p class=\"program-three__item__text\">\r\n                                     E\u011flenceli konseptlerle unutulmaz partiler sunmaktay\u0131z.                                <\/p><!-- \/.program-three__item__text -->\r\n                                                            <\/div><!-- \/.program-three__item__content -->\r\n                        <\/div><!-- \/.program-three__item__one -->\r\n                    <\/div><!-- \/.program-item -->\r\n                                    <div class=\"col-lg-4 col-md-6\">\r\n                        <div class=\"program-three__item wow fadeInUp\" data-wow-duration='1500ms' data-wow-delay='00ms' style='--accent-color: #2390FF'>\r\n                            <div class=\"program-three__item__image\">\r\n                                <img decoding=\"async\" src=\"https:\/\/happyplace.tr\/wp-content\/uploads\/2025\/08\/tuz12.jpg\" alt=\"tuz12\" title=\"tuz12\" >                            <\/div><!-- \/.program-one__item__image -->\r\n                            <div class=\"program-three__item__content\">\r\n                                <div class=\"program-three__item__icon\">\r\n                                    <span aria-hidden=\"true\" class=\"  far fa-gem\"><\/span>                                <\/div><!-- \/.program-three__item__icon -->\r\n                                <h3 class=\"program-three__item__title\">\r\n                                    <a href=\"\">Tuz Odas\u0131<\/a>\r\n                                <\/h3><!-- \/.program-three__item__title -->\r\n                                <div class=\"program-three__item__age\"><\/div><!-- \/.program-three__item__age -->\r\n                                <p class=\"program-three__item__text\">\r\n                                    Sa\u011fl\u0131kl\u0131 nefes, rahatlama ve duyusal deneyim alan\u0131m\u0131zd\u0131r.                                <\/p><!-- \/.program-three__item__text -->\r\n                                                            <\/div><!-- \/.program-three__item__content -->\r\n                        <\/div><!-- \/.program-three__item__one -->\r\n                    <\/div><!-- \/.program-item -->\r\n                                    <div class=\"col-lg-4 col-md-6\">\r\n                        <div class=\"program-three__item wow fadeInUp\" data-wow-duration='1500ms' data-wow-delay='00ms' style='--accent-color: #FFAA23'>\r\n                            <div class=\"program-three__item__image\">\r\n                                <img decoding=\"async\" src=\"https:\/\/happyplace.tr\/wp-content\/uploads\/2025\/11\/program-3-5-kopya.jpg\" alt=\"program-3-5 kopya\" title=\"program-3-5 kopya\" >                            <\/div><!-- \/.program-one__item__image -->\r\n                            <div class=\"program-three__item__content\">\r\n                                <div class=\"program-three__item__icon\">\r\n                                    <span aria-hidden=\"true\" class=\"   icon-playtime\"><\/span>                                <\/div><!-- \/.program-three__item__icon -->\r\n                                <h3 class=\"program-three__item__title\">\r\n                                    <a href=\"\">Oyun Park\u0131<\/a>\r\n                                <\/h3><!-- \/.program-three__item__title -->\r\n                                <div class=\"program-three__item__age\"><\/div><!-- \/.program-three__item__age -->\r\n                                <p class=\"program-three__item__text\">\r\n                                    G\u00fcvenli, e\u011flenceli ve ke\u015fif dolu oyun alan\u0131m\u0131z bulunmaktad\u0131r.                                <\/p><!-- \/.program-three__item__text -->\r\n                                                            <\/div><!-- \/.program-three__item__content -->\r\n                        <\/div><!-- \/.program-three__item__one -->\r\n                    <\/div><!-- \/.program-item -->\r\n                                    <div class=\"col-lg-4 col-md-6\">\r\n                        <div class=\"program-three__item wow fadeInUp\" data-wow-duration='1500ms' data-wow-delay='00ms' style='--accent-color: #26A6A1'>\r\n                            <div class=\"program-three__item__image\">\r\n                                <img decoding=\"async\" src=\"https:\/\/happyplace.tr\/wp-content\/uploads\/2025\/11\/4-1.jpg\" alt=\"4\" title=\"4\" >                            <\/div><!-- \/.program-one__item__image -->\r\n                            <div class=\"program-three__item__content\">\r\n                                <div class=\"program-three__item__icon\">\r\n                                    <span aria-hidden=\"true\" class=\"  fas fa-coffee\"><\/span>                                <\/div><!-- \/.program-three__item__icon -->\r\n                                <h3 class=\"program-three__item__title\">\r\n                                    <a href=\"\">Kafe &amp; Kafeterya B\u00f6l\u00fcm\u00fc<\/a>\r\n                                <\/h3><!-- \/.program-three__item__title -->\r\n                                <div class=\"program-three__item__age\"><\/div><!-- \/.program-three__item__age -->\r\n                                <p class=\"program-three__item__text\">\r\n                                    Aileler i\u00e7in keyifli mola k\u00f6\u015femiz bulunmaktad\u0131r.                                <\/p><!-- \/.program-three__item__text -->\r\n                                                            <\/div><!-- \/.program-three__item__content -->\r\n                        <\/div><!-- \/.program-three__item__one -->\r\n                    <\/div><!-- \/.program-item -->\r\n                                    <div class=\"col-lg-4 col-md-6\">\r\n                        <div class=\"program-three__item wow fadeInUp\" data-wow-duration='1500ms' data-wow-delay='00ms' style='--accent-color: #5F7999'>\r\n                            <div class=\"program-three__item__image\">\r\n                                <img decoding=\"async\" src=\"https:\/\/happyplace.tr\/wp-content\/uploads\/2025\/11\/5-1.jpg\" alt=\"5\" title=\"5\" >                            <\/div><!-- \/.program-one__item__image -->\r\n                            <div class=\"program-three__item__content\">\r\n                                <div class=\"program-three__item__icon\">\r\n                                    <span aria-hidden=\"true\" class=\"  fas fa-shopping-basket\"><\/span>                                <\/div><!-- \/.program-three__item__icon -->\r\n                                <h3 class=\"program-three__item__title\">\r\n                                    <a href=\"\">Mini Shop<\/a>\r\n                                <\/h3><!-- \/.program-three__item__title -->\r\n                                <div class=\"program-three__item__age\"><\/div><!-- \/.program-three__item__age -->\r\n                                <p class=\"program-three__item__text\">\r\n                                    \u00d6zel se\u00e7ilmi\u015f \u00e7ocuk \u00fcr\u00fcnleri ve hediyeliklerimiz bulunmaktad\u0131r.                                <\/p><!-- \/.program-three__item__text -->\r\n                                                            <\/div><!-- \/.program-three__item__content -->\r\n                        <\/div><!-- \/.program-three__item__one -->\r\n                    <\/div><!-- \/.program-item -->\r\n                            <\/div>\r\n        <\/div>\r\n    <\/section><!-- \/.programs-page -->\r\n    <!-- programm -end three  -->\r\n\t\t\t\t<\/div>\n\t\t\t\t<\/div>\n\t\t\t\t\t<\/div>\n\t\t<\/div>\n\t\t\t\t\t<\/div>\n\t\t<\/section>\n\t\t\t\t<\/div>\n\t\t","protected":false},"excerpt":{"rendered":"<p>Workshop At\u00f6lyeleri Yarat\u0131c\u0131l\u0131\u011f\u0131, \u00f6zg\u00fcveni ve el becerilerini destekleyen \u00f6zel etkinliklerin yap\u0131lmas\u0131d\u0131r. \u00d6zel G\u00fcn Kutlamalar\u0131 E\u011flenceli konseptlerle unutulmaz partiler sunmaktay\u0131z. Tuz Odas\u0131 Sa\u011fl\u0131kl\u0131 nefes, rahatlama ve duyusal deneyim alan\u0131m\u0131zd\u0131r. Oyun Park\u0131 G\u00fcvenli, e\u011flenceli ve ke\u015fif dolu oyun alan\u0131m\u0131z bulunmaktad\u0131r. Kafe &amp; Kafeterya B\u00f6l\u00fcm\u00fc Aileler i\u00e7in keyifli mola k\u00f6\u015femiz bulunmaktad\u0131r. Mini Shop \u00d6zel se\u00e7ilmi\u015f \u00e7ocuk \u00fcr\u00fcnleri ve [&hellip;]<\/p>\n","protected":false},"author":1,"featured_media":0,"parent":0,"menu_order":0,"comment_status":"closed","ping_status":"closed","template":"elementor_header_footer","meta":{"_monsterinsights_skip_tracking":false,"_monsterinsights_sitenote_active":false,"_monsterinsights_sitenote_note":"","_monsterinsights_sitenote_category":0,"footnotes":""},"class_list":["post-1660","page","type-page","status-publish","hentry"],"_links":{"self":[{"href":"https:\/\/happyplace.tr\/index.php\/wp-json\/wp\/v2\/pages\/1660","targetHints":{"allow":["GET"]}}],"collection":[{"href":"https:\/\/happyplace.tr\/index.php\/wp-json\/wp\/v2\/pages"}],"about":[{"href":"https:\/\/happyplace.tr\/index.php\/wp-json\/wp\/v2\/types\/page"}],"author":[{"embeddable":true,"href":"https:\/\/happyplace.tr\/index.php\/wp-json\/wp\/v2\/users\/1"}],"replies":[{"embeddable":true,"href":"https:\/\/happyplace.tr\/index.php\/wp-json\/wp\/v2\/comments?post=1660"}],"version-history":[{"count":10,"href":"https:\/\/happyplace.tr\/index.php\/wp-json\/wp\/v2\/pages\/1660\/revisions"}],"predecessor-version":[{"id":2920,"href":"https:\/\/happyplace.tr\/index.php\/wp-json\/wp\/v2\/pages\/1660\/revisions\/2920"}],"wp:attachment":[{"href":"https:\/\/happyplace.tr\/index.php\/wp-json\/wp\/v2\/media?parent=1660"}],"curies":[{"name":"wp","href":"https:\/\/api.w.org\/{rel}","templated":true}]}}