{"id":145,"date":"2023-10-12T06:48:30","date_gmt":"2023-10-12T06:48:30","guid":{"rendered":"http:\/\/kidearn-demo-new.local\/?page_id=145"},"modified":"2025-11-21T08:30:15","modified_gmt":"2025-11-21T05:30:15","slug":"hakkimizda","status":"publish","type":"page","link":"https:\/\/happyplace.tr\/index.php\/hakkimizda\/","title":{"rendered":"Hakk\u0131m\u0131zda"},"content":{"rendered":"\t\t<div data-elementor-type=\"wp-page\" data-elementor-id=\"145\" class=\"elementor elementor-145\">\n\t\t\t\t\t\t<section class=\"elementor-section elementor-top-section elementor-element elementor-element-232afb9 elementor-section-full_width elementor-section-height-default elementor-section-height-default\" data-id=\"232afb9\" data-element_type=\"section\">\n\t\t\t\t\t\t<div class=\"elementor-container elementor-column-gap-no\">\n\t\t\t\t\t<div class=\"elementor-column elementor-col-100 elementor-top-column elementor-element elementor-element-e6ef429\" data-id=\"e6ef429\" data-element_type=\"column\">\n\t\t\t<div class=\"elementor-widget-wrap elementor-element-populated\">\n\t\t\t\t\t\t<div class=\"elementor-element elementor-element-ab4a05e elementor-widget elementor-widget-kidearn-about\" data-id=\"ab4a05e\" data-element_type=\"widget\" data-widget_type=\"kidearn-about.default\">\n\t\t\t\t<div class=\"elementor-widget-container\">\n\t\t\t\t\t\r\n\t<!-- About Five Start -->\r\n\t<section class=\"about-four\">\r\n\t\t<div class=\"container\">\r\n\t\t\t<div class=\"row\">\r\n\t\t\t\t<div class=\"col-xl-6 wow fadeInLeft\" data-wow-delay=\"300ms\">\r\n\t\t\t\t\t<div class=\"about-four__image\">\r\n\t\t\t\t\t\t<div class=\"about-four__image__shape1\">\r\n\t\t\t\t\t\t\t<img decoding=\"async\" src=\"https:\/\/happyplace.tr\/wp-content\/uploads\/2023\/10\/about-4-shape-1.png\" alt=\"about-4-shape-1\" title=\"about-4-shape-1\" >\t\t\t\t\t\t<\/div>\r\n\t\t\t\t\t\t<div class=\"about-four__image__one kidearn-tilt\" data-tilt-options='{ \"glare\": false, \"maxGlare\": 0, \"maxTilt\": 3, \"speed\": 700, \"scale\": 1 }'>\r\n\t\t\t\t\t\t\t<img decoding=\"async\" src=\"https:\/\/happyplace.tr\/wp-content\/uploads\/2025\/08\/hakkimizda.png\" alt=\"hakk\u0131m\u0131zda\" title=\"hakk\u0131m\u0131zda\" >\t\t\t\t\t\t\t<div class=\"about-four__image__one-bottom\"><\/div>\r\n\t\t\t\t\t\t<\/div>\r\n\t\t\t\t\t\t<div class=\"about-four__image__two wow fadeInUp\" data-wow-delay=\"500ms\">\r\n\t\t\t\t\t\t\t<img decoding=\"async\" src=\"https:\/\/happyplace.tr\/wp-content\/uploads\/2025\/11\/WhatsApp-Gorsel-2025-11-18-saat-15.45.13_bae3f4fb.jpg\" alt=\"WhatsApp G\u00f6rsel 2025-11-18 saat 15.45.13_bae3f4fb\" title=\"WhatsApp G\u00f6rsel 2025-11-18 saat 15.45.13_bae3f4fb\" >\t\t\t\t\t\t<\/div>\r\n\t\t\t\t\t\t<div class=\"about-four__image__bg-shape\">\r\n\t\t\t\t\t\t\t<img decoding=\"async\" src=\"https:\/\/happyplace.tr\/wp-content\/uploads\/2023\/10\/about-4-shape-2.png\" alt=\"about-4-shape-2\" title=\"about-4-shape-2\" >\t\t\t\t\t\t<\/div>\r\n\t\t\t\t\t<\/div>\r\n\t\t\t\t<\/div>\r\n\t\t\t\t<div class=\"col-xl-6 wow fadeInRight\" data-wow-delay=\"200ms\">\r\n\t\t\t\t\t<div class=\"about-four__content\">\r\n\t\t\t\t\t\t<div class=\"sec-title text-left\">\r\n\t\t\t\t\t\t\t<h6 class=\"sec-title__tagline\">Hakk\u0131m\u0131zda<\/h6><h3 class=\"sec-title__title\">Happy Place Tuz Odal\u0131 Oyun At\u00f6lyesi Nedir? <\/h3>\t\t\t\t\t\t<\/div><!-- \/.sec-title -->\r\n\t\t\t\t\t\t<p class=\"about-four__content__text\">Happy Place; \u00e7ocuklar\u0131n e\u011flenirken \u00f6\u011frendi\u011fi, annelerin de rahat bir nefes ald\u0131\u011f\u0131 s\u0131cac\u0131k bir bulu\u015fma noktas\u0131d\u0131r. Sadece bir oyun alan\u0131 de\u011fil, ayn\u0131 zamanda geli\u015fimi destekleyen, keyifli ve g\u00fcvenli bir \u00f6\u011frenme ortam\u0131d\u0131r.\n<\/p>\t\t\t\t\t\t\t\t\t\t\t\t\t<div class=\"about-four__info\" style=\"--accent-color: #F25334;\">\r\n\t\t\t\t\t\t\t\t<div class=\"about-four__info__icon\">\r\n\t\t\t\t\t\t\t\t\t<span aria-hidden=\"true\" class=\"  fas fa-baby\"><\/span>\t\t\t\t\t\t\t\t<\/div>\r\n\t\t\t\t\t\t\t\t<h3 class=\"about-four__info__title\">\r\n\t\t\t\t\t\t\t\t\tBizi \u00d6zel K\u0131lanlar\t\t\t\t\t\t\t\t<\/h3>\r\n\t\t\t\t\t\t\t\t<p class=\"about-four__info__text\">\r\n\t\t\t\t\t\t\t\t\tTuz Odam\u0131z sayesinde \u00e7ocuklar sa\u011fl\u0131kl\u0131 bir ortamda oyun oynarken ba\u011f\u0131\u015f\u0131kl\u0131k sistemleri desteklenir, nefesleri rahatlar.\nTemal\u0131 at\u00f6lyeler, duyusal kutular ve yarat\u0131c\u0131 etkinliklerle minikler sosyalle\u015fir, motor becerilerini geli\u015ftirir.\n\t\t\t\t\t\t\t\t<\/p>\r\n\t\t\t\t\t\t\t<\/div>\r\n\t\t\t\t\t\t\t\t\t\t\t\t\t<div class=\"about-four__info\" style=\"--accent-color: #2390FF;\">\r\n\t\t\t\t\t\t\t\t<div class=\"about-four__info__icon\">\r\n\t\t\t\t\t\t\t\t\t<span aria-hidden=\"true\" class=\"   icon-happy-children\"><\/span>\t\t\t\t\t\t\t\t<\/div>\r\n\t\t\t\t\t\t\t\t<h3 class=\"about-four__info__title\">\r\n\t\t\t\t\t\t\t\t\tG\u00fclen Y\u00fczler\t\t\t\t\t\t\t\t<\/h3>\r\n\t\t\t\t\t\t\t\t<p class=\"about-four__info__text\">\r\n\t\t\t\t\t\t\t\t\tMini al\u0131\u015fveri\u015f merkezleri ile \u00e7ocuklar rol oyunlar\u0131yla g\u00fcnl\u00fck ya\u015fam\u0131 deneyimler.\nDo\u011fum g\u00fcn\u00fc kutlamalar\u0131 i\u00e7in \u00f6zel haz\u0131rlanan alanlar\u0131m\u0131zda en g\u00fczel an\u0131lara ev sahipli\u011fi yapar\u0131z.\nVe tabii ki\u2026 Annelerimiz i\u00e7in kahve molas\u0131! \nBurada her \u015fey \u00e7ocuklar i\u00e7in, her\u00a0\u015fey\u00a0sevgiyle!\t\t\t\t\t\t\t\t<\/p>\r\n\t\t\t\t\t\t\t<\/div>\r\n\t\t\t\t\t\t\t\t\t\t\t\t\t\t\t\t\t<\/div>\r\n\t\t\t\t<\/div>\r\n\t\t\t<\/div>\r\n\t\t<\/div>\r\n\t<\/section>\r\n\t<!-- About Five End -->\r\n\t\t\t\t<\/div>\n\t\t\t\t<\/div>\n\t\t\t\t\t<\/div>\n\t\t<\/div>\n\t\t\t\t\t<\/div>\n\t\t<\/section>\n\t\t\t\t<section class=\"elementor-section elementor-top-section elementor-element elementor-element-68875f23 elementor-section-full_width elementor-section-height-default elementor-section-height-default\" data-id=\"68875f23\" data-element_type=\"section\">\n\t\t\t\t\t\t<div class=\"elementor-container elementor-column-gap-no\">\n\t\t\t\t\t<div class=\"elementor-column elementor-col-100 elementor-top-column elementor-element elementor-element-1e52cc7b\" data-id=\"1e52cc7b\" data-element_type=\"column\">\n\t\t\t<div class=\"elementor-widget-wrap elementor-element-populated\">\n\t\t\t\t\t\t<div class=\"elementor-element elementor-element-3c7a7e80 elementor-widget elementor-widget-kidearn-testimonials\" data-id=\"3c7a7e80\" data-element_type=\"widget\" data-widget_type=\"kidearn-testimonials.default\">\n\t\t\t\t<div class=\"elementor-widget-container\">\n\t\t\t\t\t    <!--Testimonial Three Start-->\r\n    <section class=\"testimonial-one testimonial-one--home-two\">\r\n        <div class=\"testimonial-one__left-shape kidearn-splax\" data-para-options='{\r\n\t\t\"orientation\": \"left\",\r\n\t\t\"scale\": 2.5,\r\n\t\t\"overflow\": true\r\n\t\t}'>\r\n            <img decoding=\"async\" src=\"https:\/\/happyplace.tr\/wp-content\/uploads\/2023\/10\/testimonial-shape-2.png\" alt=\"testimonial-shape-2\" title=\"testimonial-shape-2\" >        <\/div>\r\n        <div class=\"testimonial-one__right-shape kidearn-splax\" data-para-options='{\r\n\t\t\"orientation\": \"right\",\r\n\t\t\"scale\": 2.5,\r\n\t\t\"overflow\": true\r\n\t\t}'>\r\n            <img decoding=\"async\" src=\"https:\/\/happyplace.tr\/wp-content\/uploads\/2023\/10\/testimonial-shape-3.png\" alt=\"testimonial-shape-3\" title=\"testimonial-shape-3\" >        <\/div>\r\n        <div class=\"container\">\r\n            <div class=\"testimonial-one__area\">\r\n                <div class=\"testimonial-one__bg\"><\/div>\r\n                <div class=\"testimonial-one__bg-shape kidearn-splax\" style=\"background-image: url(https:\/\/bracketweb.com\/kidearnwp\/wp-content\/uploads\/2023\/10\/testimonial-shape-4.png);\" data-para-options='{\r\n\t\t\t\t\"orientation\": \"right\",\r\n\t\t\t\t\"scale\": 1.2,\r\n\t\t\t\t\"delay\": \".3\",\r\n\t\t\t\t\"transition\": \"cubic-bezier(0,0,0,1)\",\r\n\t\t\t\t\"overflow\": true\r\n\t\t\t\t}'>\r\n                <\/div>\r\n                <div class=\"sec-title text-center\">\r\n                    <h6 class=\"sec-title__tagline\">Happy Place Tuz Odal\u0131 Oyun At\u00f6lyesi<\/h6><h3 class=\"sec-title__title\">Kurucumuzun Mesaj\u0131<\/h3>                <\/div><!-- \/.sec-title -->\r\n                <div class=\"testimonial-one__carousel kidearn-owl__carousel owl-carousel owl-theme\" data-owl-options='        {\r\n        &quot;loop&quot;: false,\r\n        &quot;margin&quot;: 0,\r\n        &quot;items&quot;: 1        ,&quot;nav&quot;: false                                        ,&quot;dots&quot;: false        ,&quot;smartSpeed&quot;: 0\r\n                }\r\n    '>\r\n                                            <div class=\"item\">\r\n                            <div class=\"testimonial-one__item\">\r\n                                <div class=\"testimonial-one__item__quote\">\r\n                                    Happy Play\u2019i kurarken amac\u0131m\u0131z; \u00e7ocuklar\u0131n g\u00fcvenle, keyifle oynayabildi\u011fi, ailelerin de kendini mutlu ve huzurlu hissetti\u011fi bir ortam olu\u015fturmakt\u0131.\nOlu\u015fturdu\u011fumuz bu alanda miniklerimizin geli\u015fim s\u00fcre\u00e7lerini desteklemek, duyusal becerilerinden sosyal etkile\u015fimlerine kadar her alanda onlara rehberlik etmek bizim i\u00e7in \u00e7ok de\u011ferli.\nHappy Play olarak \u00e7ocuklar\u0131n mutlulu\u011funu, ailelerin ise i\u00e7 rahatl\u0131\u011f\u0131n\u0131 her zaman \u00f6n planda\u00a0tutuyoruz.                                <\/div>\r\n                                <div class=\"testimonial-one__item__author\">\r\n                                    <img decoding=\"async\" src=\"https:\/\/happyplace.tr\/wp-content\/uploads\/2025\/11\/WhatsApp-Gorsel-2025-11-18-saat-15.45.13_bae3f4fb.jpg\" alt=\"WhatsApp G\u00f6rsel 2025-11-18 saat 15.45.13_bae3f4fb\" title=\"WhatsApp G\u00f6rsel 2025-11-18 saat 15.45.13_bae3f4fb\" >                                    <h5 class=\"testimonial-one__item__author__name\">\r\n                                        Dilek Akcan                                    <\/h5>\r\n                                    <p class=\"testimonial-one__item__author__designation\">\r\n                                        Kurucu                                    <\/p>\r\n                                <\/div>\r\n                            <\/div>\r\n                        <\/div>\r\n                                    <\/div>\r\n            <\/div>\r\n        <\/div>\r\n    <\/section>\r\n    <!--Testimonial three End-->\r\n\t\t\t\t<\/div>\n\t\t\t\t<\/div>\n\t\t\t\t\t<\/div>\n\t\t<\/div>\n\t\t\t\t\t<\/div>\n\t\t<\/section>\n\t\t\t\t<\/div>\n\t\t","protected":false},"excerpt":{"rendered":"<p>Hakk\u0131m\u0131zda Happy Place Tuz Odal\u0131 Oyun At\u00f6lyesi Nedir? Happy Place; \u00e7ocuklar\u0131n e\u011flenirken \u00f6\u011frendi\u011fi, annelerin de rahat bir nefes ald\u0131\u011f\u0131 s\u0131cac\u0131k bir bulu\u015fma noktas\u0131d\u0131r. Sadece bir oyun alan\u0131 de\u011fil, ayn\u0131 zamanda geli\u015fimi destekleyen, keyifli ve g\u00fcvenli bir \u00f6\u011frenme ortam\u0131d\u0131r. Bizi \u00d6zel K\u0131lanlar Tuz Odam\u0131z sayesinde \u00e7ocuklar sa\u011fl\u0131kl\u0131 bir ortamda oyun oynarken ba\u011f\u0131\u015f\u0131kl\u0131k sistemleri desteklenir, nefesleri rahatlar. [&hellip;]<\/p>\n","protected":false},"author":1,"featured_media":0,"parent":0,"menu_order":0,"comment_status":"closed","ping_status":"closed","template":"elementor_header_footer","meta":{"_monsterinsights_skip_tracking":false,"_monsterinsights_sitenote_active":false,"_monsterinsights_sitenote_note":"","_monsterinsights_sitenote_category":0,"footnotes":""},"class_list":["post-145","page","type-page","status-publish","hentry"],"_links":{"self":[{"href":"https:\/\/happyplace.tr\/index.php\/wp-json\/wp\/v2\/pages\/145","targetHints":{"allow":["GET"]}}],"collection":[{"href":"https:\/\/happyplace.tr\/index.php\/wp-json\/wp\/v2\/pages"}],"about":[{"href":"https:\/\/happyplace.tr\/index.php\/wp-json\/wp\/v2\/types\/page"}],"author":[{"embeddable":true,"href":"https:\/\/happyplace.tr\/index.php\/wp-json\/wp\/v2\/users\/1"}],"replies":[{"embeddable":true,"href":"https:\/\/happyplace.tr\/index.php\/wp-json\/wp\/v2\/comments?post=145"}],"version-history":[{"count":38,"href":"https:\/\/happyplace.tr\/index.php\/wp-json\/wp\/v2\/pages\/145\/revisions"}],"predecessor-version":[{"id":2930,"href":"https:\/\/happyplace.tr\/index.php\/wp-json\/wp\/v2\/pages\/145\/revisions\/2930"}],"wp:attachment":[{"href":"https:\/\/happyplace.tr\/index.php\/wp-json\/wp\/v2\/media?parent=145"}],"curies":[{"name":"wp","href":"https:\/\/api.w.org\/{rel}","templated":true}]}}